{"id":20578,"date":"2025-02-06T10:11:13","date_gmt":"2025-02-06T15:11:13","guid":{"rendered":"https:\/\/groupexport.ca\/programme-contacts-dacheteurs\/"},"modified":"2026-02-05T13:23:33","modified_gmt":"2026-02-05T18:23:33","slug":"buyers-contacts-program","status":"publish","type":"page","link":"https:\/\/groupexport.ca\/en\/members-services\/market-development\/buyers-contacts-program\/","title":{"rendered":"Buyer&#8217;s Contacts Program"},"content":{"rendered":"\n<p>Group Export Agri-Food, in partnership with the <a href=\"https:\/\/www.mapaq.gouv.qc.ca\/fr\/Pages\/Accueil.aspx\">minist\u00e8re de l&#8217;Agriculture, des P\u00eacheries et de l&#8217;Alimentation du Qu\u00e9bec<\/a> and <a href=\"https:\/\/www.fondaction.com\/en\/\">Fondaction<\/a>, now offers its members access to reliable, high-quality buyer lists through data generated by ZoomInfo&#8217;s artificial intelligence. This new service should meet the needs of agri-food companies looking to diversify their export markets.<\/p>\n\n\n\n<p>This market intelligence will enable companies to directly reach the right people in the right places. It will also be particularly useful for businesses looking to follow up with buyers met at trade shows.<\/p>\n\n\n\n<p><strong>Over the next year, Groupe Export will provide its export members with nearly 30 buyer lists.<\/strong><\/p>\n\n\n\n<p><em>For your information, receiving the lists may take up to two weeks after completing the interest form.<br><\/em><\/p>\n\n\n\n<div class=\"wp-block-buttons is-content-justification-center is-layout-flex wp-container-core-buttons-is-layout-16018d1d wp-block-buttons-is-layout-flex\">\n<div class=\"wp-block-button\"><a class=\"wp-block-button__link wp-element-button\" href=\"https:\/\/form.jotform.com\/250406189103248\">Complete &#8211; Form of Interest<\/a><\/div>\n<\/div>\n\n\n\n<div class=\"wp-block-media-text is-stacked-on-mobile\"><figure class=\"wp-block-media-text__media\"><img loading=\"lazy\" decoding=\"async\" width=\"1024\" height=\"1024\" src=\"https:\/\/groupexport.ca\/wp-content\/uploads\/2025\/02\/AdobeStock_637367229-1024x1024.jpeg\" alt=\"\" class=\"wp-image-20685 size-full\" srcset=\"https:\/\/groupexport.ca\/wp-content\/uploads\/2025\/02\/AdobeStock_637367229-1024x1024.jpeg 1024w, https:\/\/groupexport.ca\/wp-content\/uploads\/2025\/02\/AdobeStock_637367229-300x300.jpeg 300w, https:\/\/groupexport.ca\/wp-content\/uploads\/2025\/02\/AdobeStock_637367229-150x150.jpeg 150w, https:\/\/groupexport.ca\/wp-content\/uploads\/2025\/02\/AdobeStock_637367229-768x768.jpeg 768w, https:\/\/groupexport.ca\/wp-content\/uploads\/2025\/02\/AdobeStock_637367229-1536x1536.jpeg 1536w, https:\/\/groupexport.ca\/wp-content\/uploads\/2025\/02\/AdobeStock_637367229.jpeg 1920w\" sizes=\"auto, (max-width: 1024px) 100vw, 1024px\" \/><\/figure><div class=\"wp-block-media-text__content\">\n<h2 class=\"wp-block-heading\">Complete Buyer&#8217;s Contact Info<\/h2>\n\n\n\n<p class=\"has-large-font-size\">The lists from the Buyer&#8217;s Contact Program include complete contact details of employees in various roles related to purchasing.<\/p>\n\n\n\n<ul class=\"wp-block-list\">\n<li class=\"has-large-font-size\"><strong>Name<\/strong>\n<ul class=\"wp-block-list\">\n<li>Title<\/li>\n\n\n\n<li>Department<\/li>\n\n\n\n<li>Email<\/li>\n\n\n\n<li>Phone number (office and cellphone)<\/li>\n\n\n\n<li>Last update<\/li>\n\n\n\n<li>Contact accuracy indicator<\/li>\n<\/ul>\n<\/li>\n\n\n\n<li class=\"has-large-font-size\"><strong>Company<\/strong>\n<ul class=\"wp-block-list\">\n<li>Size, number of stores, and revenue<\/li>\n\n\n\n<li>Organizational structure<\/li>\n\n\n\n<li>Geographical distribution<\/li>\n<\/ul>\n<\/li>\n\n\n\n<li class=\"has-large-font-size\"><strong>And even more !<\/strong><\/li>\n<\/ul>\n\n\n\n<p>Specify in the form which lists you would like to receive to help our market development team generate reports tailored to your needs.<\/p>\n<\/div><\/div>\n\n\n\n<div class=\"wp-block-media-text has-media-on-the-right is-stacked-on-mobile\"><div class=\"wp-block-media-text__content\">\n<h2 class=\"wp-block-heading\">High Data Reliability<\/h2>\n\n\n\n<p class=\"has-large-font-size\">This market intelligence resource helps businesses directly reach targeted buyers at the right time and place. These lists will also simplify follow-ups with buyers met during trade missions or trade shows. The data is obtained through:<\/p>\n\n\n\n<ul class=\"wp-block-list\">\n<li class=\"has-large-font-size\"><strong>Artificial Intelligence<\/strong> conducting web monitoring<\/li>\n\n\n\n<li class=\"has-large-font-size\"><strong>Team of 400 analysts<\/strong> who verify information via phone<\/li>\n<\/ul>\n<\/div><figure class=\"wp-block-media-text__media\"><img loading=\"lazy\" decoding=\"async\" width=\"1024\" height=\"683\" src=\"https:\/\/groupexport.ca\/wp-content\/uploads\/2025\/02\/AdobeStock_103186140-1024x683.jpeg\" alt=\"\" class=\"wp-image-20680 size-full\" srcset=\"https:\/\/groupexport.ca\/wp-content\/uploads\/2025\/02\/AdobeStock_103186140-1024x683.jpeg 1024w, https:\/\/groupexport.ca\/wp-content\/uploads\/2025\/02\/AdobeStock_103186140-300x200.jpeg 300w, https:\/\/groupexport.ca\/wp-content\/uploads\/2025\/02\/AdobeStock_103186140-768x512.jpeg 768w, https:\/\/groupexport.ca\/wp-content\/uploads\/2025\/02\/AdobeStock_103186140-1536x1024.jpeg 1536w, https:\/\/groupexport.ca\/wp-content\/uploads\/2025\/02\/AdobeStock_103186140.jpeg 1920w\" sizes=\"auto, (max-width: 1024px) 100vw, 1024px\" \/><\/figure><\/div>\n\n\n\n<div class=\"wp-block-media-text is-stacked-on-mobile\"><figure class=\"wp-block-media-text__media\"><img loading=\"lazy\" decoding=\"async\" width=\"1024\" height=\"1004\" src=\"https:\/\/groupexport.ca\/wp-content\/uploads\/2025\/02\/AdobeStock_141652230-e1740064292771-1024x1004.jpeg\" alt=\"\" class=\"wp-image-20672 size-full\" srcset=\"https:\/\/groupexport.ca\/wp-content\/uploads\/2025\/02\/AdobeStock_141652230-e1740064292771-1024x1004.jpeg 1024w, https:\/\/groupexport.ca\/wp-content\/uploads\/2025\/02\/AdobeStock_141652230-e1740064292771-300x294.jpeg 300w, https:\/\/groupexport.ca\/wp-content\/uploads\/2025\/02\/AdobeStock_141652230-e1740064292771-768x753.jpeg 768w, https:\/\/groupexport.ca\/wp-content\/uploads\/2025\/02\/AdobeStock_141652230-e1740064292771.jpeg 1306w\" sizes=\"auto, (max-width: 1024px) 100vw, 1024px\" \/><\/figure><div class=\"wp-block-media-text__content\">\n<h2 class=\"wp-block-heading\">How to get this data ?<\/h2>\n\n\n\n<p class=\"has-large-font-size\">Companies interested in receiving buyer contact lists <a href=\"https:\/\/form.jotform.com\/250406189103248\">must complete this form<\/a>. Within a week of the request, the company will receive a download link to access the list. The lists will be delivered in the following order:<\/p>\n\n\n\n<ul class=\"wp-block-list\">\n<li class=\"has-large-font-size\"><strong>First delivery in March 2025:<\/strong> a list including contacts from about 15 different companies across various markets including Mexico and Canada.<\/li>\n\n\n\n<li class=\"has-large-font-size\"><strong>Each month<\/strong>: announcement of a featured company, allowing access to its contact details. A new interest form must be completed for each request.<\/li>\n<\/ul>\n\n\n\n<p><\/p>\n\n\n\n<div class=\"wp-block-buttons is-content-justification-center is-layout-flex wp-container-core-buttons-is-layout-16018d1d wp-block-buttons-is-layout-flex\">\n<div class=\"wp-block-button\"><a class=\"wp-block-button__link wp-element-button\" href=\"https:\/\/form.jotform.com\/250406189103248\">Complete &#8211; Form of Interest<\/a><\/div>\n<\/div>\n<\/div><\/div>\n\n\n<section class=\"block-member-home theme-block aligndefault alignfull\">\n  <div class=\"container\">\n    <div class=\"member-home__wrapper\">\n      <div class=\"member-home__image\" data-aos=\"fade-right\" data-aos-duration=\"1000\"  style=\"background-image: url(https:\/\/groupexport.ca\/wp-content\/uploads\/2025\/02\/ZoomInfo-Cellulaire-1.png);\"><\/div>\n      <div class=\"member-home__content\" data-aos=\"contouring\" >\n      <svg>\n        <rect x=\"0\" y=\"0\" fill=\"none\" width=\"100%\" height=\"100%\"><\/rect>\n      <\/svg>  \n      <div class=\"member-home__content__title\">\n        \n                      <span>ENABLES YOU TO CONNECT WITH BUYERS, EVEN BY CELLPHONE! <\/span>\n                    \n                    \n        <\/div>\n        \n                \n      <\/div>\n    <\/div>\n  <\/div>\n<\/section>\n\n\n<section class=\"cta-image-block theme-block cta-image-wrapper aligndefault\">\n\n  <div class=\"cta-image\">\n              <div class=\"cta-image__inner\">\n            \n                          <h3 class=\"cta-image__title\">Exclusive program for export members<\/h3>\n                        \n                          <p class=\"cta-image__txt\">The buyer contact lists from the Buyer&#039;s Contact Program are exclusively available to exporting members of Groupe Export Agroalimentaire, as they are supported by government subsidies.\r\n\r\nTo become a member of Groupe Export and access a wide range of services, please contact servicemembre@groupexport.ca.<\/p>\n                        \n                          <a class=\"cta-image__btn\" href=\"mailto:servicemembre@groupexport.ca\">\n                <span>Contact our member service<\/span>\n                <div class=\"link__overlay\"><\/div>\n              <\/a>\n                      <\/div>\n                  <div class=\"cta-image__inner\">\n            \n                          <h3 class=\"cta-image__title\">Any questions?<\/h3>\n                        \n                          <p class=\"cta-image__txt\">Any questions about the program or a list you received? Feel free to contact us.\r\n<\/p>\n                        \n                          <a class=\"cta-image__btn\" href=\"mailto:%20JudithAmbriz@GroupExport.ca\">\n                <span>Contact us<\/span>\n                <div class=\"link__overlay\"><\/div>\n              <\/a>\n                      <\/div>\n          <\/div>\n  \n  <div class=\"cta-image--image\">\n\n        \n          <h3 class=\"cta-image__title\">Fill out the interest form now!<\/h3>\n        \n          <p class=\"cta-image__txt\">Please complete the interest form on the dedicated page to receive your buyer list.\n<\/p>\n        \n          <a class=\"cta-image__btn\" href=\"https:\/\/form.jotform.com\/250406189103248\">\n        <span>Complete &#8211; Form of Interest<\/span>\n        <div class=\"link__overlay\"><\/div>\n      <\/a>\n      <\/div>\n<\/section>\n\n\n<h2 class=\"wp-block-heading\">Partner &#8211; Government<\/h2>\n\n\n\n<div class=\"wp-block-columns is-layout-flex wp-container-core-columns-is-layout-9d6595d7 wp-block-columns-is-layout-flex\">\n<div class=\"wp-block-column is-layout-flow wp-block-column-is-layout-flow\">\n<figure class=\"wp-block-image size-full is-resized\"><img loading=\"lazy\" decoding=\"async\" width=\"1024\" height=\"206\" src=\"https:\/\/groupexport.ca\/wp-content\/uploads\/2024\/02\/logo-quebec-1024x206-1515446351.png\" alt=\"\" class=\"wp-image-14002\" style=\"width:305px;height:auto\" srcset=\"https:\/\/groupexport.ca\/wp-content\/uploads\/2024\/02\/logo-quebec-1024x206-1515446351.png 1024w, https:\/\/groupexport.ca\/wp-content\/uploads\/2024\/02\/logo-quebec-1024x206-1515446351-300x60.png 300w, https:\/\/groupexport.ca\/wp-content\/uploads\/2024\/02\/logo-quebec-1024x206-1515446351-768x155.png 768w, https:\/\/groupexport.ca\/wp-content\/uploads\/2024\/02\/logo-quebec-1024x206-1515446351-600x121.png 600w\" sizes=\"auto, (max-width: 1024px) 100vw, 1024px\" \/><\/figure>\n<\/div>\n\n\n\n<div class=\"wp-block-column is-layout-flow wp-block-column-is-layout-flow\"><\/div>\n<\/div>\n\n\n\n<div style=\"height:14px\" aria-hidden=\"true\" class=\"wp-block-spacer\"><\/div>\n\n\n\n<h2 class=\"wp-block-heading\">Partner &#8211; Buyer&#8217;s Contact Program<\/h2>\n\n\n\n<div class=\"wp-block-columns is-layout-flex wp-container-core-columns-is-layout-9d6595d7 wp-block-columns-is-layout-flex\">\n<div class=\"wp-block-column is-layout-flow wp-block-column-is-layout-flow\">\n<figure class=\"wp-block-image size-full is-resized\"><img loading=\"lazy\" decoding=\"async\" width=\"816\" height=\"240\" src=\"https:\/\/groupexport.ca\/wp-content\/uploads\/2022\/10\/LogoSeul_coul_fondaction_2020.png\" alt=\"\" class=\"wp-image-15520\" style=\"width:314px;height:auto\" srcset=\"https:\/\/groupexport.ca\/wp-content\/uploads\/2022\/10\/LogoSeul_coul_fondaction_2020.png 816w, https:\/\/groupexport.ca\/wp-content\/uploads\/2022\/10\/LogoSeul_coul_fondaction_2020-300x88.png 300w, https:\/\/groupexport.ca\/wp-content\/uploads\/2022\/10\/LogoSeul_coul_fondaction_2020-768x226.png 768w, https:\/\/groupexport.ca\/wp-content\/uploads\/2022\/10\/LogoSeul_coul_fondaction_2020-600x176.png 600w\" sizes=\"auto, (max-width: 816px) 100vw, 816px\" \/><\/figure>\n<\/div>\n\n\n\n<div class=\"wp-block-column is-layout-flow wp-block-column-is-layout-flow\"><\/div>\n<\/div>\n","protected":false},"excerpt":{"rendered":"<p>Group Export Agri-Food, in partnership with the minist\u00e8re de l&#8217;Agriculture, des P\u00eacheries et de l&#8217;Alimentation du Qu\u00e9bec and Fondaction, now offers its members access to reliable, high-quality buyer lists through &hellip; <a href=\"https:\/\/groupexport.ca\/en\/members-services\/market-development\/buyers-contacts-program\/\">Continued<\/a><\/p>\n","protected":false},"author":22,"featured_media":0,"parent":7245,"menu_order":0,"comment_status":"closed","ping_status":"closed","template":"","meta":{"_acf_changed":false,"inline_featured_image":false,"footnotes":""},"class_list":["post-20578","page","type-page","status-publish","hentry"],"acf":[],"yoast_head":"<!-- This site is optimized with the Yoast SEO plugin v27.0 - https:\/\/yoast.com\/product\/yoast-seo-wordpress\/ -->\n<title>Buyer&#039;s Contacts Program &#8212; Groupe Export Agroalimentaire<\/title>\n<meta name=\"robots\" content=\"index, follow, max-snippet:-1, max-image-preview:large, max-video-preview:-1\" \/>\n<link rel=\"canonical\" href=\"https:\/\/groupexport.ca\/en\/members-services\/market-development\/buyers-contacts-program\/\" \/>\n<meta property=\"og:locale\" content=\"en_US\" \/>\n<meta property=\"og:type\" content=\"article\" \/>\n<meta property=\"og:title\" content=\"Buyer&#039;s Contacts Program &#8212; Groupe Export Agroalimentaire\" \/>\n<meta property=\"og:description\" content=\"Group Export Agri-Food, in partnership with the minist\u00e8re de l&#8217;Agriculture, des P\u00eacheries et de l&#8217;Alimentation du Qu\u00e9bec and Fondaction, now offers its members access to reliable, high-quality buyer lists through &hellip; Continued\" \/>\n<meta property=\"og:url\" content=\"https:\/\/groupexport.ca\/en\/members-services\/market-development\/buyers-contacts-program\/\" \/>\n<meta property=\"og:site_name\" content=\"Groupe Export Agroalimentaire\" \/>\n<meta property=\"article:modified_time\" content=\"2026-02-05T18:23:33+00:00\" \/>\n<meta property=\"og:image\" content=\"https:\/\/groupexport.ca\/wp-content\/uploads\/2025\/02\/AdobeStock_637367229-1024x1024.jpeg\" \/>\n<meta name=\"twitter:card\" content=\"summary_large_image\" \/>\n<meta name=\"twitter:label1\" content=\"Est. reading time\" \/>\n\t<meta name=\"twitter:data1\" content=\"3 minutes\" \/>\n<script type=\"application\/ld+json\" class=\"yoast-schema-graph\">{\"@context\":\"https:\/\/schema.org\",\"@graph\":[{\"@type\":\"WebPage\",\"@id\":\"https:\/\/groupexport.ca\/en\/members-services\/market-development\/buyers-contacts-program\/\",\"url\":\"https:\/\/groupexport.ca\/en\/members-services\/market-development\/buyers-contacts-program\/\",\"name\":\"Buyer's Contacts Program &#8212; Groupe Export Agroalimentaire\",\"isPartOf\":{\"@id\":\"https:\/\/groupexport.ca\/en\/#website\"},\"primaryImageOfPage\":{\"@id\":\"https:\/\/groupexport.ca\/en\/members-services\/market-development\/buyers-contacts-program\/#primaryimage\"},\"image\":{\"@id\":\"https:\/\/groupexport.ca\/en\/members-services\/market-development\/buyers-contacts-program\/#primaryimage\"},\"thumbnailUrl\":\"https:\/\/groupexport.ca\/wp-content\/uploads\/2025\/02\/AdobeStock_637367229-1024x1024.jpeg\",\"datePublished\":\"2025-02-06T15:11:13+00:00\",\"dateModified\":\"2026-02-05T18:23:33+00:00\",\"breadcrumb\":{\"@id\":\"https:\/\/groupexport.ca\/en\/members-services\/market-development\/buyers-contacts-program\/#breadcrumb\"},\"inLanguage\":\"en-US\",\"potentialAction\":[{\"@type\":\"ReadAction\",\"target\":[\"https:\/\/groupexport.ca\/en\/members-services\/market-development\/buyers-contacts-program\/\"]}]},{\"@type\":\"ImageObject\",\"inLanguage\":\"en-US\",\"@id\":\"https:\/\/groupexport.ca\/en\/members-services\/market-development\/buyers-contacts-program\/#primaryimage\",\"url\":\"https:\/\/groupexport.ca\/wp-content\/uploads\/2025\/02\/AdobeStock_637367229-1024x1024.jpeg\",\"contentUrl\":\"https:\/\/groupexport.ca\/wp-content\/uploads\/2025\/02\/AdobeStock_637367229-1024x1024.jpeg\"},{\"@type\":\"BreadcrumbList\",\"@id\":\"https:\/\/groupexport.ca\/en\/members-services\/market-development\/buyers-contacts-program\/#breadcrumb\",\"itemListElement\":[{\"@type\":\"ListItem\",\"position\":1,\"name\":\"Accueil\",\"item\":\"https:\/\/groupexport.ca\/en\/\"},{\"@type\":\"ListItem\",\"position\":2,\"name\":\"Members Services\",\"item\":\"https:\/\/groupexport.ca\/en\/members-services\/\"},{\"@type\":\"ListItem\",\"position\":3,\"name\":\"Market development\",\"item\":\"https:\/\/groupexport.ca\/en\/members-services\/market-development\/\"},{\"@type\":\"ListItem\",\"position\":4,\"name\":\"Buyer&#8217;s Contacts Program\"}]},{\"@type\":\"WebSite\",\"@id\":\"https:\/\/groupexport.ca\/en\/#website\",\"url\":\"https:\/\/groupexport.ca\/en\/\",\"name\":\"Groupe Export Agroalimentaire\",\"description\":\"Groupe Export agroalimentaire\",\"publisher\":{\"@id\":\"https:\/\/groupexport.ca\/en\/#organization\"},\"potentialAction\":[{\"@type\":\"SearchAction\",\"target\":{\"@type\":\"EntryPoint\",\"urlTemplate\":\"https:\/\/groupexport.ca\/en\/?s={search_term_string}\"},\"query-input\":{\"@type\":\"PropertyValueSpecification\",\"valueRequired\":true,\"valueName\":\"search_term_string\"}}],\"inLanguage\":\"en-US\"},{\"@type\":\"Organization\",\"@id\":\"https:\/\/groupexport.ca\/en\/#organization\",\"name\":\"Groupe Export Agroalimentaire\",\"url\":\"https:\/\/groupexport.ca\/en\/\",\"logo\":{\"@type\":\"ImageObject\",\"inLanguage\":\"en-US\",\"@id\":\"https:\/\/groupexport.ca\/en\/#\/schema\/logo\/image\/\",\"url\":\"http:\/\/groupexport.local\/wp-content\/uploads\/2025\/10\/logo_horizontal_blanc.svg\",\"contentUrl\":\"http:\/\/groupexport.local\/wp-content\/uploads\/2025\/10\/logo_horizontal_blanc.svg\",\"width\":\"1024\",\"height\":\"1024\",\"caption\":\"Groupe Export Agroalimentaire\"},\"image\":{\"@id\":\"https:\/\/groupexport.ca\/en\/#\/schema\/logo\/image\/\"}}]}<\/script>\n<!-- \/ Yoast SEO plugin. -->","yoast_head_json":{"title":"Buyer's Contacts Program &#8212; Groupe Export Agroalimentaire","robots":{"index":"index","follow":"follow","max-snippet":"max-snippet:-1","max-image-preview":"max-image-preview:large","max-video-preview":"max-video-preview:-1"},"canonical":"https:\/\/groupexport.ca\/en\/members-services\/market-development\/buyers-contacts-program\/","og_locale":"en_US","og_type":"article","og_title":"Buyer's Contacts Program &#8212; Groupe Export Agroalimentaire","og_description":"Group Export Agri-Food, in partnership with the minist\u00e8re de l&#8217;Agriculture, des P\u00eacheries et de l&#8217;Alimentation du Qu\u00e9bec and Fondaction, now offers its members access to reliable, high-quality buyer lists through &hellip; Continued","og_url":"https:\/\/groupexport.ca\/en\/members-services\/market-development\/buyers-contacts-program\/","og_site_name":"Groupe Export Agroalimentaire","article_modified_time":"2026-02-05T18:23:33+00:00","og_image":[{"url":"https:\/\/groupexport.ca\/wp-content\/uploads\/2025\/02\/AdobeStock_637367229-1024x1024.jpeg","type":"","width":"","height":""}],"twitter_card":"summary_large_image","twitter_misc":{"Est. reading time":"3 minutes"},"schema":{"@context":"https:\/\/schema.org","@graph":[{"@type":"WebPage","@id":"https:\/\/groupexport.ca\/en\/members-services\/market-development\/buyers-contacts-program\/","url":"https:\/\/groupexport.ca\/en\/members-services\/market-development\/buyers-contacts-program\/","name":"Buyer's Contacts Program &#8212; Groupe Export Agroalimentaire","isPartOf":{"@id":"https:\/\/groupexport.ca\/en\/#website"},"primaryImageOfPage":{"@id":"https:\/\/groupexport.ca\/en\/members-services\/market-development\/buyers-contacts-program\/#primaryimage"},"image":{"@id":"https:\/\/groupexport.ca\/en\/members-services\/market-development\/buyers-contacts-program\/#primaryimage"},"thumbnailUrl":"https:\/\/groupexport.ca\/wp-content\/uploads\/2025\/02\/AdobeStock_637367229-1024x1024.jpeg","datePublished":"2025-02-06T15:11:13+00:00","dateModified":"2026-02-05T18:23:33+00:00","breadcrumb":{"@id":"https:\/\/groupexport.ca\/en\/members-services\/market-development\/buyers-contacts-program\/#breadcrumb"},"inLanguage":"en-US","potentialAction":[{"@type":"ReadAction","target":["https:\/\/groupexport.ca\/en\/members-services\/market-development\/buyers-contacts-program\/"]}]},{"@type":"ImageObject","inLanguage":"en-US","@id":"https:\/\/groupexport.ca\/en\/members-services\/market-development\/buyers-contacts-program\/#primaryimage","url":"https:\/\/groupexport.ca\/wp-content\/uploads\/2025\/02\/AdobeStock_637367229-1024x1024.jpeg","contentUrl":"https:\/\/groupexport.ca\/wp-content\/uploads\/2025\/02\/AdobeStock_637367229-1024x1024.jpeg"},{"@type":"BreadcrumbList","@id":"https:\/\/groupexport.ca\/en\/members-services\/market-development\/buyers-contacts-program\/#breadcrumb","itemListElement":[{"@type":"ListItem","position":1,"name":"Accueil","item":"https:\/\/groupexport.ca\/en\/"},{"@type":"ListItem","position":2,"name":"Members Services","item":"https:\/\/groupexport.ca\/en\/members-services\/"},{"@type":"ListItem","position":3,"name":"Market development","item":"https:\/\/groupexport.ca\/en\/members-services\/market-development\/"},{"@type":"ListItem","position":4,"name":"Buyer&#8217;s Contacts Program"}]},{"@type":"WebSite","@id":"https:\/\/groupexport.ca\/en\/#website","url":"https:\/\/groupexport.ca\/en\/","name":"Groupe Export Agroalimentaire","description":"Groupe Export agroalimentaire","publisher":{"@id":"https:\/\/groupexport.ca\/en\/#organization"},"potentialAction":[{"@type":"SearchAction","target":{"@type":"EntryPoint","urlTemplate":"https:\/\/groupexport.ca\/en\/?s={search_term_string}"},"query-input":{"@type":"PropertyValueSpecification","valueRequired":true,"valueName":"search_term_string"}}],"inLanguage":"en-US"},{"@type":"Organization","@id":"https:\/\/groupexport.ca\/en\/#organization","name":"Groupe Export Agroalimentaire","url":"https:\/\/groupexport.ca\/en\/","logo":{"@type":"ImageObject","inLanguage":"en-US","@id":"https:\/\/groupexport.ca\/en\/#\/schema\/logo\/image\/","url":"http:\/\/groupexport.local\/wp-content\/uploads\/2025\/10\/logo_horizontal_blanc.svg","contentUrl":"http:\/\/groupexport.local\/wp-content\/uploads\/2025\/10\/logo_horizontal_blanc.svg","width":"1024","height":"1024","caption":"Groupe Export Agroalimentaire"},"image":{"@id":"https:\/\/groupexport.ca\/en\/#\/schema\/logo\/image\/"}}]}},"_links":{"self":[{"href":"https:\/\/groupexport.ca\/en\/wp-json\/wp\/v2\/pages\/20578","targetHints":{"allow":["GET"]}}],"collection":[{"href":"https:\/\/groupexport.ca\/en\/wp-json\/wp\/v2\/pages"}],"about":[{"href":"https:\/\/groupexport.ca\/en\/wp-json\/wp\/v2\/types\/page"}],"author":[{"embeddable":true,"href":"https:\/\/groupexport.ca\/en\/wp-json\/wp\/v2\/users\/22"}],"replies":[{"embeddable":true,"href":"https:\/\/groupexport.ca\/en\/wp-json\/wp\/v2\/comments?post=20578"}],"version-history":[{"count":10,"href":"https:\/\/groupexport.ca\/en\/wp-json\/wp\/v2\/pages\/20578\/revisions"}],"predecessor-version":[{"id":37521,"href":"https:\/\/groupexport.ca\/en\/wp-json\/wp\/v2\/pages\/20578\/revisions\/37521"}],"up":[{"embeddable":true,"href":"https:\/\/groupexport.ca\/en\/wp-json\/wp\/v2\/pages\/7245"}],"wp:attachment":[{"href":"https:\/\/groupexport.ca\/en\/wp-json\/wp\/v2\/media?parent=20578"}],"curies":[{"name":"wp","href":"https:\/\/api.w.org\/{rel}","templated":true}]}}