{"id":6984,"date":"2022-01-26T15:43:09","date_gmt":"2022-01-26T20:43:09","guid":{"rendered":"http:\/\/groupeexport.wp.vortexdev.com\/?page_id=6984"},"modified":"2022-01-26T15:43:12","modified_gmt":"2022-01-26T20:43:12","slug":"members-services","status":"publish","type":"page","link":"https:\/\/groupexport.ca\/en\/members-services\/","title":{"rendered":"Members Services"},"content":{"rendered":"\n<p class=\"is-style-intro\">Le Groupe Export est le leader des services d\u2019exportation bioalimentaire au Qu\u00e9bec. Gr\u00e2ce \u00e0 un guichet unique de services vari\u00e9s, il contribue \u00e0 stimuler le succ\u00e8s des entreprises sur les march\u00e9s ext\u00e9rieurs.<\/p>\n\n\n<section class=\"block-carousel-cta alignfull theme-block aligndefault\">\n\n  <div class=\"container\">\n    <div class=\"activity-featured__header\">\n      <div class=\"activity-featured__header__title\">\n                  D\u00e9veloppement de march\u00e9s              <\/div>\n    <\/div>\n  <\/div>\n\n      <div class=\"aligndefault-gutter--left\">\n      <div class=\"carousel__cta swiper-container swiper\">\n        <div class=\"swiper-wrapper\">\n                      \n            <div class=\"activity-featured__item swiper-slide\">\n                              <div class=\"activity-featured__item__thumbnail\">\n                  <img decoding=\"async\" src=\"https:\/\/groupexport.ca\/wp-content\/uploads\/2021\/03\/toulon-1.jpg\">\n                <\/div>\n                            <div class=\"activity-featured__item__info\">\n                <div class=\"activity-featured__item__info__header\">\n                  <div class=\"activity-featured__item__info__header__information\">\n                  Salons                  <\/div>\n                <\/div>\n                <div class=\"activity-featured__item__info__title\">\n                  <div class=\"activity-featured__item__info__title__title\">\n                    commerciaux                    <span> \n                                          <\/span>\n                  <\/div>\n                  <div class=\"activity-featured__item__info__title__excerpt\">\n                                          Participez, en pr\u00e9sentiel ou en virtuel, \u00e0 des salons commerciaux sur plusieurs march\u00e9s d&#8217;int\u00e9r\u00eat. R\u00e9servez un espace, le&#8230;                                      <\/div>\n                <\/div>\n                <div class=\"activity-featured__item__info__footer\">\n                  <div class=\"activity-featured__item__info__footer__wrapper\">\n                                          <a class=\"activity-featured__item__info__footer__link__inscription\" href=\"http:\/\/groupeexport.wp.vortexdev.com\/services-aux-membres\/developpement-de-marches\/salons-commerciaux\/\">\n                        En savoir plus                      <\/a>\n                                      <\/div>\n                <\/div>\n              <\/div>\n            <\/div>\n            \n                      \n            <div class=\"activity-featured__item swiper-slide\">\n                              <div class=\"activity-featured__item__border\"><\/div>\n                            <div class=\"activity-featured__item__info\">\n                <div class=\"activity-featured__item__info__header\">\n                  <div class=\"activity-featured__item__info__header__information\">\n                  Programme                  <\/div>\n                <\/div>\n                <div class=\"activity-featured__item__info__title\">\n                  <div class=\"activity-featured__item__info__title__title\">\n                    ZENiTH                    <span> \n                                          <\/span>\n                  <\/div>\n                  <div class=\"activity-featured__item__info__title__excerpt\">\n                                          Acc\u00e9dez \u00e0 un accompagnement strat\u00e9gique professionnel dans votre r\u00e9flexion d\u2019internationalisation \u00e0 prix pr\u00e9f\u00e9rentiel avec le programme ZENiTH.                                      <\/div>\n                <\/div>\n                <div class=\"activity-featured__item__info__footer\">\n                  <div class=\"activity-featured__item__info__footer__wrapper\">\n                                          <a class=\"activity-featured__item__info__footer__link__inscription\" href=\"http:\/\/groupeexport.wp.vortexdev.com\/services-aux-membres\/developpement-de-marches\/programme-zenith\/\">\n                        En savoir plus                      <\/a>\n                                      <\/div>\n                <\/div>\n              <\/div>\n            <\/div>\n            \n                      \n            <div class=\"activity-featured__item swiper-slide\">\n                              <div class=\"activity-featured__item__thumbnail\">\n                  <img decoding=\"async\" src=\"https:\/\/groupexport.ca\/wp-content\/uploads\/2021\/02\/event2-e1622142284546.jpg\">\n                <\/div>\n                            <div class=\"activity-featured__item__info\">\n                <div class=\"activity-featured__item__info__header\">\n                  <div class=\"activity-featured__item__info__header__information\">\n                  Contacts                   <\/div>\n                <\/div>\n                <div class=\"activity-featured__item__info__title\">\n                  <div class=\"activity-featured__item__info__title__title\">\n                    B2B                    <span> \n                                          <\/span>\n                  <\/div>\n                  <div class=\"activity-featured__item__info__title__excerpt\">\n                                          Aff\u00fbtez votre prospection d\u2019acheteurs internationaux par l\u2019entremise des incontournables rendez-vous ECRM et d\u2019un abonnement premium \u00e0 la plateforme&#8230;                                      <\/div>\n                <\/div>\n                <div class=\"activity-featured__item__info__footer\">\n                  <div class=\"activity-featured__item__info__footer__wrapper\">\n                                          <a class=\"activity-featured__item__info__footer__link__inscription\" href=\"#\">\n                        En savoir plus                      <\/a>\n                                      <\/div>\n                <\/div>\n              <\/div>\n            <\/div>\n            \n                      \n            <div class=\"activity-featured__item swiper-slide\">\n                              <div class=\"activity-featured__item__thumbnail\">\n                  <img decoding=\"async\" src=\"https:\/\/groupexport.ca\/wp-content\/uploads\/2021\/02\/event2-e1622142284546.jpg\">\n                <\/div>\n                            <div class=\"activity-featured__item__info\">\n                <div class=\"activity-featured__item__info__header\">\n                  <div class=\"activity-featured__item__info__header__information\">\n                  Missions commerciales et                  <\/div>\n                <\/div>\n                <div class=\"activity-featured__item__info__title\">\n                  <div class=\"activity-featured__item__info__title__title\">\n                    accueil d&#039;acheteurs                    <span> \n                                          <\/span>\n                  <\/div>\n                  <div class=\"activity-featured__item__info__title__excerpt\">\n                                          Rencontrez des gens d\u2019affaires de partout gr\u00e2ce aux rencontres d\u2019affaires cibl\u00e9es orchestr\u00e9es dans le cadre de missions commerciales&#8230;                                      <\/div>\n                <\/div>\n                <div class=\"activity-featured__item__info__footer\">\n                  <div class=\"activity-featured__item__info__footer__wrapper\">\n                                          <a class=\"activity-featured__item__info__footer__link__inscription\" href=\"http:\/\/groupeexport.wp.vortexdev.com\/services-aux-membres\/developpement-de-marches\/missions-commerciales-et-accueils-dacheteurs\/\">\n                        En savoir plus                      <\/a>\n                                      <\/div>\n                <\/div>\n              <\/div>\n            <\/div>\n            \n                  <\/div>\n        \n        <div class=\"activity-featured__navigation__wrapper container\">\n          <div class=\"activity-featured__pagination\">\n            <div class=\"swiper-button-prev\"><\/div>\n            <div class=\"swiper-pagination\"><\/div>\n            <div class=\"swiper-button-next\"><\/div>\n          <\/div>\n        <\/div>\n        \n        \n      <\/div>\n    <\/div>\n  <\/section>\n\n\n<section class=\"block-carousel-cta alignfull theme-block aligndefault\">\n\n  <div class=\"container\">\n    <div class=\"activity-featured__header\">\n      <div class=\"activity-featured__header__title\">\n                  Logistique et Transport              <\/div>\n    <\/div>\n  <\/div>\n\n      <div class=\"aligndefault-gutter--left\">\n      <div class=\"carousel__cta swiper-container swiper\">\n        <div class=\"swiper-wrapper\">\n                      \n            <div class=\"activity-featured__item swiper-slide\">\n                              <div class=\"activity-featured__item__thumbnail\">\n                  <img decoding=\"async\" src=\"https:\/\/groupexport.ca\/wp-content\/uploads\/2021\/03\/toulon-1.jpg\">\n                <\/div>\n                            <div class=\"activity-featured__item__info\">\n                <div class=\"activity-featured__item__info__header\">\n                  <div class=\"activity-featured__item__info__header__information\">\n                  Novia                  <\/div>\n                <\/div>\n                <div class=\"activity-featured__item__info__title\">\n                  <div class=\"activity-featured__item__info__title__title\">\n                    plateforme d\u2019exp\u00e9dition                    <span> \n                                          <\/span>\n                  <\/div>\n                  <div class=\"activity-featured__item__info__title__excerpt\">\n                                          Exp\u00e9diez rapidement et \u00e0 tarifs tr\u00e8s avantageux partout dans le monde avec la plateforme NOVIA.                                      <\/div>\n                <\/div>\n                <div class=\"activity-featured__item__info__footer\">\n                  <div class=\"activity-featured__item__info__footer__wrapper\">\n                                          <a class=\"activity-featured__item__info__footer__link__inscription\" href=\"http:\/\/groupeexport.wp.vortexdev.com\/services-aux-membres\/logistique-et-transport\/novia\/\">\n                        En savoir plus                      <\/a>\n                                      <\/div>\n                <\/div>\n              <\/div>\n            <\/div>\n            \n                      \n            <div class=\"activity-featured__item swiper-slide\">\n                              <div class=\"activity-featured__item__border\"><\/div>\n                            <div class=\"activity-featured__item__info\">\n                <div class=\"activity-featured__item__info__header\">\n                  <div class=\"activity-featured__item__info__header__information\">\n                  Service de                   <\/div>\n                <\/div>\n                <div class=\"activity-featured__item__info__title\">\n                  <div class=\"activity-featured__item__info__title__title\">\n                    consolidation                    <span> \n                                          <\/span>\n                  <\/div>\n                  <div class=\"activity-featured__item__info__title__excerpt\">\n                                          Soyez tranquille; lors d\u2019un salon, le Groupe Export prend en charge l\u2019exp\u00e9dition des produits des exposants de leur&#8230;                                      <\/div>\n                <\/div>\n                <div class=\"activity-featured__item__info__footer\">\n                  <div class=\"activity-featured__item__info__footer__wrapper\">\n                                          <a class=\"activity-featured__item__info__footer__link__inscription\" href=\"http:\/\/groupeexport.wp.vortexdev.com\/services-aux-membres\/logistique-et-transport\/service-de-consolidation-de-marchandise\/\">\n                        En savoir plus                      <\/a>\n                                      <\/div>\n                <\/div>\n              <\/div>\n            <\/div>\n            \n                  <\/div>\n        \n        <div class=\"activity-featured__navigation__wrapper container\">\n          <div class=\"activity-featured__pagination\">\n            <div class=\"swiper-button-prev\"><\/div>\n            <div class=\"swiper-pagination\"><\/div>\n            <div class=\"swiper-button-next\"><\/div>\n          <\/div>\n        <\/div>\n        \n        \n      <\/div>\n    <\/div>\n  <\/section>\n","protected":false},"excerpt":{"rendered":"<p>Le Groupe Export est le leader des services d\u2019exportation bioalimentaire au Qu\u00e9bec. Gr\u00e2ce \u00e0 un guichet unique de services vari\u00e9s, il contribue \u00e0 stimuler le succ\u00e8s des entreprises sur les &hellip; <a href=\"https:\/\/groupexport.ca\/en\/members-services\/\">Continued<\/a><\/p>\n","protected":false},"author":21,"featured_media":0,"parent":0,"menu_order":15,"comment_status":"closed","ping_status":"closed","template":"","meta":{"_acf_changed":false,"inline_featured_image":false,"footnotes":""},"class_list":["post-6984","page","type-page","status-publish","hentry"],"acf":[],"yoast_head":"<!-- This site is optimized with the Yoast SEO plugin v27.0 - https:\/\/yoast.com\/product\/yoast-seo-wordpress\/ -->\n<title>Members Services &#8212; Groupe Export Agroalimentaire<\/title>\n<meta name=\"robots\" content=\"index, follow, max-snippet:-1, max-image-preview:large, max-video-preview:-1\" \/>\n<link rel=\"canonical\" href=\"https:\/\/groupexport.ca\/en\/members-services\/\" \/>\n<meta property=\"og:locale\" content=\"en_US\" \/>\n<meta property=\"og:type\" content=\"article\" \/>\n<meta property=\"og:title\" content=\"Members Services &#8212; Groupe Export Agroalimentaire\" \/>\n<meta property=\"og:description\" content=\"Le Groupe Export est le leader des services d\u2019exportation bioalimentaire au Qu\u00e9bec. Gr\u00e2ce \u00e0 un guichet unique de services vari\u00e9s, il contribue \u00e0 stimuler le succ\u00e8s des entreprises sur les &hellip; Continued\" \/>\n<meta property=\"og:url\" content=\"https:\/\/groupexport.ca\/en\/members-services\/\" \/>\n<meta property=\"og:site_name\" content=\"Groupe Export Agroalimentaire\" \/>\n<meta property=\"article:modified_time\" content=\"2022-01-26T20:43:12+00:00\" \/>\n<meta name=\"twitter:card\" content=\"summary_large_image\" \/>\n<script type=\"application\/ld+json\" class=\"yoast-schema-graph\">{\"@context\":\"https:\/\/schema.org\",\"@graph\":[{\"@type\":\"WebPage\",\"@id\":\"https:\/\/groupexport.ca\/en\/members-services\/\",\"url\":\"https:\/\/groupexport.ca\/en\/members-services\/\",\"name\":\"Members Services &#8212; Groupe Export Agroalimentaire\",\"isPartOf\":{\"@id\":\"https:\/\/groupexport.ca\/en\/#website\"},\"datePublished\":\"2022-01-26T20:43:09+00:00\",\"dateModified\":\"2022-01-26T20:43:12+00:00\",\"breadcrumb\":{\"@id\":\"https:\/\/groupexport.ca\/en\/members-services\/#breadcrumb\"},\"inLanguage\":\"en-US\",\"potentialAction\":[{\"@type\":\"ReadAction\",\"target\":[\"https:\/\/groupexport.ca\/en\/members-services\/\"]}]},{\"@type\":\"BreadcrumbList\",\"@id\":\"https:\/\/groupexport.ca\/en\/members-services\/#breadcrumb\",\"itemListElement\":[{\"@type\":\"ListItem\",\"position\":1,\"name\":\"Accueil\",\"item\":\"https:\/\/groupexport.ca\/en\/\"},{\"@type\":\"ListItem\",\"position\":2,\"name\":\"Members Services\"}]},{\"@type\":\"WebSite\",\"@id\":\"https:\/\/groupexport.ca\/en\/#website\",\"url\":\"https:\/\/groupexport.ca\/en\/\",\"name\":\"Groupe Export Agroalimentaire\",\"description\":\"Groupe Export agroalimentaire\",\"publisher\":{\"@id\":\"https:\/\/groupexport.ca\/en\/#organization\"},\"potentialAction\":[{\"@type\":\"SearchAction\",\"target\":{\"@type\":\"EntryPoint\",\"urlTemplate\":\"https:\/\/groupexport.ca\/en\/?s={search_term_string}\"},\"query-input\":{\"@type\":\"PropertyValueSpecification\",\"valueRequired\":true,\"valueName\":\"search_term_string\"}}],\"inLanguage\":\"en-US\"},{\"@type\":\"Organization\",\"@id\":\"https:\/\/groupexport.ca\/en\/#organization\",\"name\":\"Groupe Export Agroalimentaire\",\"url\":\"https:\/\/groupexport.ca\/en\/\",\"logo\":{\"@type\":\"ImageObject\",\"inLanguage\":\"en-US\",\"@id\":\"https:\/\/groupexport.ca\/en\/#\/schema\/logo\/image\/\",\"url\":\"http:\/\/groupexport.local\/wp-content\/uploads\/2025\/10\/logo_horizontal_blanc.svg\",\"contentUrl\":\"http:\/\/groupexport.local\/wp-content\/uploads\/2025\/10\/logo_horizontal_blanc.svg\",\"width\":\"1024\",\"height\":\"1024\",\"caption\":\"Groupe Export Agroalimentaire\"},\"image\":{\"@id\":\"https:\/\/groupexport.ca\/en\/#\/schema\/logo\/image\/\"}}]}<\/script>\n<!-- \/ Yoast SEO plugin. -->","yoast_head_json":{"title":"Members Services &#8212; Groupe Export Agroalimentaire","robots":{"index":"index","follow":"follow","max-snippet":"max-snippet:-1","max-image-preview":"max-image-preview:large","max-video-preview":"max-video-preview:-1"},"canonical":"https:\/\/groupexport.ca\/en\/members-services\/","og_locale":"en_US","og_type":"article","og_title":"Members Services &#8212; Groupe Export Agroalimentaire","og_description":"Le Groupe Export est le leader des services d\u2019exportation bioalimentaire au Qu\u00e9bec. Gr\u00e2ce \u00e0 un guichet unique de services vari\u00e9s, il contribue \u00e0 stimuler le succ\u00e8s des entreprises sur les &hellip; Continued","og_url":"https:\/\/groupexport.ca\/en\/members-services\/","og_site_name":"Groupe Export Agroalimentaire","article_modified_time":"2022-01-26T20:43:12+00:00","twitter_card":"summary_large_image","schema":{"@context":"https:\/\/schema.org","@graph":[{"@type":"WebPage","@id":"https:\/\/groupexport.ca\/en\/members-services\/","url":"https:\/\/groupexport.ca\/en\/members-services\/","name":"Members Services &#8212; Groupe Export Agroalimentaire","isPartOf":{"@id":"https:\/\/groupexport.ca\/en\/#website"},"datePublished":"2022-01-26T20:43:09+00:00","dateModified":"2022-01-26T20:43:12+00:00","breadcrumb":{"@id":"https:\/\/groupexport.ca\/en\/members-services\/#breadcrumb"},"inLanguage":"en-US","potentialAction":[{"@type":"ReadAction","target":["https:\/\/groupexport.ca\/en\/members-services\/"]}]},{"@type":"BreadcrumbList","@id":"https:\/\/groupexport.ca\/en\/members-services\/#breadcrumb","itemListElement":[{"@type":"ListItem","position":1,"name":"Accueil","item":"https:\/\/groupexport.ca\/en\/"},{"@type":"ListItem","position":2,"name":"Members Services"}]},{"@type":"WebSite","@id":"https:\/\/groupexport.ca\/en\/#website","url":"https:\/\/groupexport.ca\/en\/","name":"Groupe Export Agroalimentaire","description":"Groupe Export agroalimentaire","publisher":{"@id":"https:\/\/groupexport.ca\/en\/#organization"},"potentialAction":[{"@type":"SearchAction","target":{"@type":"EntryPoint","urlTemplate":"https:\/\/groupexport.ca\/en\/?s={search_term_string}"},"query-input":{"@type":"PropertyValueSpecification","valueRequired":true,"valueName":"search_term_string"}}],"inLanguage":"en-US"},{"@type":"Organization","@id":"https:\/\/groupexport.ca\/en\/#organization","name":"Groupe Export Agroalimentaire","url":"https:\/\/groupexport.ca\/en\/","logo":{"@type":"ImageObject","inLanguage":"en-US","@id":"https:\/\/groupexport.ca\/en\/#\/schema\/logo\/image\/","url":"http:\/\/groupexport.local\/wp-content\/uploads\/2025\/10\/logo_horizontal_blanc.svg","contentUrl":"http:\/\/groupexport.local\/wp-content\/uploads\/2025\/10\/logo_horizontal_blanc.svg","width":"1024","height":"1024","caption":"Groupe Export Agroalimentaire"},"image":{"@id":"https:\/\/groupexport.ca\/en\/#\/schema\/logo\/image\/"}}]}},"_links":{"self":[{"href":"https:\/\/groupexport.ca\/en\/wp-json\/wp\/v2\/pages\/6984","targetHints":{"allow":["GET"]}}],"collection":[{"href":"https:\/\/groupexport.ca\/en\/wp-json\/wp\/v2\/pages"}],"about":[{"href":"https:\/\/groupexport.ca\/en\/wp-json\/wp\/v2\/types\/page"}],"author":[{"embeddable":true,"href":"https:\/\/groupexport.ca\/en\/wp-json\/wp\/v2\/users\/21"}],"replies":[{"embeddable":true,"href":"https:\/\/groupexport.ca\/en\/wp-json\/wp\/v2\/comments?post=6984"}],"version-history":[{"count":1,"href":"https:\/\/groupexport.ca\/en\/wp-json\/wp\/v2\/pages\/6984\/revisions"}],"predecessor-version":[{"id":6985,"href":"https:\/\/groupexport.ca\/en\/wp-json\/wp\/v2\/pages\/6984\/revisions\/6985"}],"wp:attachment":[{"href":"https:\/\/groupexport.ca\/en\/wp-json\/wp\/v2\/media?parent=6984"}],"curies":[{"name":"wp","href":"https:\/\/api.w.org\/{rel}","templated":true}]}}